{"id":718,"date":"2020-06-03T21:04:27","date_gmt":"2020-06-03T19:04:27","guid":{"rendered":"https:\/\/www.bestspeakers-consulting.de\/?page_id=718"},"modified":"2026-02-17T17:44:05","modified_gmt":"2026-02-17T17:44:05","slug":"datenschutzerklaerung","status":"publish","type":"page","link":"https:\/\/www.hotel-claim-damages.eu\/index.php\/datenschutzerklaerung\/","title":{"rendered":"Datenschutzerkl\u00e4rung"},"content":{"rendered":"<div class=\"fusion-fullwidth fullwidth-box fusion-builder-row-1 nonhundred-percent-fullwidth non-hundred-percent-height-scrolling\" style=\"--awb-border-radius-top-left:0px;--awb-border-radius-top-right:0px;--awb-border-radius-bottom-right:0px;--awb-border-radius-bottom-left:0px;--awb-flex-wrap:wrap;\" ><div class=\"fusion-builder-row fusion-row\"><div class=\"fusion-layout-column fusion_builder_column fusion-builder-column-0 fusion_builder_column_1_1 1_1 fusion-one-full fusion-column-first fusion-column-last\" style=\"--awb-bg-size:cover;\"><div class=\"fusion-column-wrapper fusion-column-has-shadow fusion-flex-column-wrapper-legacy\"><div class=\"fusion-text fusion-text-1\"><h3><strong>DATENSCHUTZHINWEISE F\u00dcR UNSERE WEBSITE<\/strong><\/h3>\n<p>Die nachfolgenden Hinweise geben Ihnen einen \u00dcberblick, welche Daten wir von Ihnen im Zusammenhang mit der Nutzung unserer Website erheben und verarbeiten.<\/p>\n<p><strong>1. Name und die Kontaktdaten des Verantwortlichen f\u00fcr den Datenschutz<\/strong><br \/>BEST SPEAKERS CONSULTING<br \/>vertreten durch den Inhaber Herbert Dyrda<\/p>\n<p>Telefon +49 861 213 98 95 88<br \/>Email <a href=\"mailto:info@bestspeakers-consulting.de\">info@bestspeakers-consulting.de<\/a><\/p>\n<p><strong>2. Welche Daten verarbeiten wir \u00fcber unsere Website und zu welchem Zweck?<\/strong><\/p>\n<div class=\"table-1\">\n<table width=\"100%\">\n<thead>\n<tr>\n<th style=\"text-align: left;\" align=\"\u201eleft\u201c\">Bereich\/Personenbezogene Daten<\/th>\n<th style=\"text-align: left;\" align=\"\u201eleft\">Zweck der Datenverarbeitung<\/th>\n<\/tr>\n<\/thead>\n<tbody>\n<tr>\n<td align=\"\u201eleft\u201c\">Aufruf der Website: IP-Adresse<\/td>\n<td align=\"\u201eleft\u201c\">Zur Gew\u00e4hrleistung des Verbindungsaufbaus der Website, sowie zur komfortablen Nutzung unserer Website und zu administrativen Zwecken.<\/td>\n<\/tr>\n<\/tbody>\n<tbody>\n<tr>\n<td align=\"\u201eleft\u201c\">Kontaktformular: Firma, Nachname, Email, Telefonnummer, Nachricht<\/td>\n<td align=\"\u201eleft\u201c\">Bereitstellung des Kontakt\/Anfrageformulars sowie Erm\u00f6glichung der Kontaktaufnahme durch den Interessenten. Kommunikation mit Ihnen und Bearbeitung Ihrer Anfrage.<\/td>\n<\/tr>\n<\/tbody>\n<\/table>\n<\/div>\n<p><strong>3. Weitergabe an Dritte<\/strong><br \/>Informationen k\u00f6nnen gegebenenfalls also auch durch andere Gesellschaften verarbeitet werden, allerdings nur, soweit das f\u00fcr die in dieser Datenschutzerkl\u00e4rung genannten Zwecke erforderlich ist oder die andere Gesellschaft als weisungsgebundener Dienstleister \/ Auftragsverarbeiter t\u00e4tig wird.<\/p>\n<p>Wir \u00fcbermitteln Ihre personenbezogenen Daten, die mit Hilfe der Website erfasst werden, zur Zeit nicht an Dritte oder andere Stellen.<\/p>\n<p>Wir verkaufen Ihre Daten auch nicht an Dritte, noch vermarkten wir sie anderweitig. Dar\u00fcber hinaus werden Ihre personenbezogenen Daten ohne Ihre ausdr\u00fcckliche Einwilligung an die Strafverfolgungsbeh\u00f6rden sowie gegebenenfalls an gesch\u00e4digte Dritte weitergeleitet, wenn es zur Aufkl\u00e4rung einer rechtswidrigen Nutzung unserer Dienste oder f\u00fcr die Rechtsverfolgung erforderlich ist. Dies geschieht jedoch nur dann, wenn konkrete Anhaltspunkte f\u00fcr ein gesetzwidriges beziehungsweise missbr\u00e4uchliches Verhalten vorliegen. Eine Weitergabe kann auch dann stattfinden, wenn dies der Durchsetzung von Nutzungsbedingungen oder anderer Vereinbarungen dient. Wir sind zudem gesetzlich verpflichtet, auf Anfrage bestimmten \u00f6ffentlichen Stellen Auskunft zu erteilen. Dies sind Strafverfolgungsbeh\u00f6rden, Beh\u00f6rden, die bu\u00dfgeldbewehrte Ordnungswidrigkeiten verfolgen und die Finanzbeh\u00f6rden. Die Weitergabe dieser Daten erfolgt auf Grundlage unseres berechtigten Interesses an der Bek\u00e4mpfung von Missbrauch, der Verfolgung von Straftaten und der Sicherung, Geltendmachung und Durchsetzung von Anspr\u00fcchen sofern Ihre Rechte und Interessen am Schutz Ihrer personenbezogenen Daten nicht \u00fcberwiegen, Art. 6 Abs. 1 lit. f DSGVO.<\/p>\n<p><strong>4. Geplante Daten\u00fcbermittlung an Drittstaaten<\/strong><br \/>Eine \u00dcbermittlung an Drittstaaten ist zur Zeit nicht geplant, ansonsten werden die entsprechenden rechtlichen Voraussetzungen geschaffen. Insbesondere werden Sie den gesetzlichen Anforderungen entsprechend \u00fcber die jeweiligen Empf\u00e4nger oder Kategorien von Empf\u00e4ngern informiert.<\/p>\n<p><strong>5. WordPress<\/strong><br \/>Diese Website benutzt\u00a0<a href=\"https:\/\/wordpress.org\/plugins\/stats\/\">WordPress.com-Stats<\/a>, ein Tool zur statistischen Auswertung der Besucherzugriffe, betrieben von\u00a0<a href=\"https:\/\/automattic.com\/\">Automattic Inc.<\/a>, 60 29th Street #343, San Francisco, CA 94110-4929, USA,\u00a0unter Einsatz der Trackingtechnologie von\u00a0<a href=\"https:\/\/www.quantcast.com\/\">Quantcast Inc<\/a>.,\u00a0201 3rd St, Floor 2, San Francisco, CA 94103-3153, USA und\u00a0comScore Inc., 11950 Democracy Drive, Suite 600 Reston, VA 20190, USA.. WordPress.com-Stats\u00a0\u00a0verwendet sog. \u201eCookies\u201c, Textdateien, die auf Ihrem Computer gespeichert werden und die eine Analyse der Benutzung der Website durch sie erm\u00f6glichen. Die durch die Cookies erzeugten Informationen \u00fcber Ihre Benutzung dieses Internetangebotes werden auf Servern in den USA gespeichert.\u00a0Die IP-Adresse wird sofort nach der Verarbeitung und vor deren Speicherung anonymisiert.\u00a0Sie k\u00f6nnen die Installation der Cookies durch eine entsprechende Einstellung Ihrer Browser-Software verhindern; wir weisen Sie jedoch darauf hin, dass Sie in diesem Fall gegebenenfalls nicht s\u00e4mtliche Funktionen dieser Website vollumf\u00e4nglich nutzen k\u00f6nnen.<\/p>\n<p>Sie k\u00f6nnen der Erhebung und Nutzung der Daten durch Quantcast mit Wirkung f\u00fcr die Zukunft widersprechen, indem Sie an dieser Stelle durch einen Klick auf den Link \u201eClick here to opt-out\u201c\u00a0ein Opt-Out-Cookie in Ihrem Browser setzen: <a href=\"http:\/\/www.quantcast.com\/opt-out\">http:\/\/www.quantcast.com\/opt-out<\/a>.<\/p>\n<p>Sie k\u00f6nnen der Erhebung und Nutzung der Daten durch comScore mit Wirkung f\u00fcr die Zukunft widersprechen, indem Sie an dieser Stelle ein Opt-Out-Cookie in Ihrem Browser setzen: <a href=\"http:\/\/www.scorecardresearch.com\/OptOutTag.aspx\">http:\/\/www.scorecardresearch.com\/OptOutTag.aspx<\/a>.<\/p>\n<p>Sollten Sie alle Cookies auf ihrem Rechner l\u00f6schen, m\u00fcssen sie die Opt-Out-Cookies erneut setzen.<\/p>\n<p><strong>6. Google Web Fonts<\/strong><\/p>\n<p>Diese Seite nutzt zur einheitlichen Darstellung von Schriftarten so genannte Web Fonts, die von Google bereitgestellt werden. Wir nutzen Google Webfonts statisch, daher findet kein Datentransfer in ein Drittland statt.<\/p>\n<p>Die Google Fonts sind statisch lokal installiert. Eine Verbindung zu Servern von Google findet dabei nicht statt.<\/p>\n<p>Weitere Informationen zu Google Web Fonts finden Sie unter <a href=\"https:\/\/developers.google.com\/fonts\/faq\">https:\/\/developers.google.com\/fonts\/faq<\/a>.<\/p>\n<p><strong>7. Ihre Rechte<\/strong><br \/>Sie haben jederzeit das Recht, von uns auf Antrag eine Auskunft \u00fcber die von uns verarbeiteten, Sie betreffenden personenbezogenen Daten im Umfang des Art. 15 DSGVO zu erhalten. Hierzu k\u00f6nnen Sie einen Antrag postalisch oder per E-Mail an die angegebene Adresse stellen.<\/p>\n<p>Email <a href=\"mailto:info@bestspeakers-consulting.de\">info@bestspeakers-consulting.de<\/a> bzw. an die postalische Adresse unter Kontaktdaten des Verantwortlichen.<\/p>\n<\/div><div class=\"fusion-clearfix\"><\/div><\/div><\/div><\/div><\/div>\n","protected":false},"excerpt":{"rendered":"","protected":false},"author":1,"featured_media":0,"parent":0,"menu_order":0,"comment_status":"closed","ping_status":"closed","template":"","meta":{"footnotes":""},"class_list":["post-718","page","type-page","status-publish","hentry"],"yoast_head":"<!-- This site is optimized with the Yoast SEO plugin v27.2 - https:\/\/yoast.com\/product\/yoast-seo-wordpress\/ -->\n<title>Datenschutzerkl\u00e4rung - Hotel Claim Damages<\/title>\n<meta name=\"robots\" content=\"noindex, follow, max-snippet:-1, max-image-preview:large, max-video-preview:-1\" \/>\n<meta property=\"og:locale\" content=\"de_DE\" \/>\n<meta property=\"og:type\" content=\"article\" \/>\n<meta property=\"og:title\" content=\"Datenschutzerkl\u00e4rung - Hotel Claim Damages\" \/>\n<meta property=\"og:url\" content=\"https:\/\/www.hotel-claim-damages.eu\/index.php\/datenschutzerklaerung\/\" \/>\n<meta property=\"og:site_name\" content=\"Hotel Claim Damages\" \/>\n<meta property=\"article:modified_time\" content=\"2026-02-17T17:44:05+00:00\" \/>\n<meta name=\"twitter:card\" content=\"summary_large_image\" \/>\n<meta name=\"twitter:label1\" content=\"Gesch\u00e4tzte Lesezeit\" \/>\n\t<meta name=\"twitter:data1\" content=\"4\u00a0Minuten\" \/>\n<script type=\"application\/ld+json\" class=\"yoast-schema-graph\">{\"@context\":\"https:\/\/schema.org\",\"@graph\":[{\"@type\":\"WebPage\",\"@id\":\"https:\/\/www.hotel-claim-damages.eu\/index.php\/datenschutzerklaerung\/\",\"url\":\"https:\/\/www.hotel-claim-damages.eu\/index.php\/datenschutzerklaerung\/\",\"name\":\"Datenschutzerkl\u00e4rung - Hotel Claim Damages\",\"isPartOf\":{\"@id\":\"https:\/\/www.hotel-claim-damages.eu\/#website\"},\"datePublished\":\"2020-06-03T19:04:27+00:00\",\"dateModified\":\"2026-02-17T17:44:05+00:00\",\"breadcrumb\":{\"@id\":\"https:\/\/www.hotel-claim-damages.eu\/index.php\/datenschutzerklaerung\/#breadcrumb\"},\"inLanguage\":\"de\",\"potentialAction\":[{\"@type\":\"ReadAction\",\"target\":[\"https:\/\/www.hotel-claim-damages.eu\/index.php\/datenschutzerklaerung\/\"]}]},{\"@type\":\"BreadcrumbList\",\"@id\":\"https:\/\/www.hotel-claim-damages.eu\/index.php\/datenschutzerklaerung\/#breadcrumb\",\"itemListElement\":[{\"@type\":\"ListItem\",\"position\":1,\"name\":\"Home\",\"item\":\"https:\/\/www.hotel-claim-damages.eu\/\"},{\"@type\":\"ListItem\",\"position\":2,\"name\":\"Datenschutzerkl\u00e4rung\"}]},{\"@type\":\"WebSite\",\"@id\":\"https:\/\/www.hotel-claim-damages.eu\/#website\",\"url\":\"https:\/\/www.hotel-claim-damages.eu\/\",\"name\":\"Hotel Claim Damages\",\"description\":\"\",\"potentialAction\":[{\"@type\":\"SearchAction\",\"target\":{\"@type\":\"EntryPoint\",\"urlTemplate\":\"https:\/\/www.hotel-claim-damages.eu\/?s={search_term_string}\"},\"query-input\":{\"@type\":\"PropertyValueSpecification\",\"valueRequired\":true,\"valueName\":\"search_term_string\"}}],\"inLanguage\":\"de\"}]}<\/script>\n<!-- \/ Yoast SEO plugin. -->","yoast_head_json":{"title":"Datenschutzerkl\u00e4rung - Hotel Claim Damages","robots":{"index":"noindex","follow":"follow","max-snippet":"max-snippet:-1","max-image-preview":"max-image-preview:large","max-video-preview":"max-video-preview:-1"},"og_locale":"de_DE","og_type":"article","og_title":"Datenschutzerkl\u00e4rung - Hotel Claim Damages","og_url":"https:\/\/www.hotel-claim-damages.eu\/index.php\/datenschutzerklaerung\/","og_site_name":"Hotel Claim Damages","article_modified_time":"2026-02-17T17:44:05+00:00","twitter_card":"summary_large_image","twitter_misc":{"Gesch\u00e4tzte Lesezeit":"4\u00a0Minuten"},"schema":{"@context":"https:\/\/schema.org","@graph":[{"@type":"WebPage","@id":"https:\/\/www.hotel-claim-damages.eu\/index.php\/datenschutzerklaerung\/","url":"https:\/\/www.hotel-claim-damages.eu\/index.php\/datenschutzerklaerung\/","name":"Datenschutzerkl\u00e4rung - Hotel Claim Damages","isPartOf":{"@id":"https:\/\/www.hotel-claim-damages.eu\/#website"},"datePublished":"2020-06-03T19:04:27+00:00","dateModified":"2026-02-17T17:44:05+00:00","breadcrumb":{"@id":"https:\/\/www.hotel-claim-damages.eu\/index.php\/datenschutzerklaerung\/#breadcrumb"},"inLanguage":"de","potentialAction":[{"@type":"ReadAction","target":["https:\/\/www.hotel-claim-damages.eu\/index.php\/datenschutzerklaerung\/"]}]},{"@type":"BreadcrumbList","@id":"https:\/\/www.hotel-claim-damages.eu\/index.php\/datenschutzerklaerung\/#breadcrumb","itemListElement":[{"@type":"ListItem","position":1,"name":"Home","item":"https:\/\/www.hotel-claim-damages.eu\/"},{"@type":"ListItem","position":2,"name":"Datenschutzerkl\u00e4rung"}]},{"@type":"WebSite","@id":"https:\/\/www.hotel-claim-damages.eu\/#website","url":"https:\/\/www.hotel-claim-damages.eu\/","name":"Hotel Claim Damages","description":"","potentialAction":[{"@type":"SearchAction","target":{"@type":"EntryPoint","urlTemplate":"https:\/\/www.hotel-claim-damages.eu\/?s={search_term_string}"},"query-input":{"@type":"PropertyValueSpecification","valueRequired":true,"valueName":"search_term_string"}}],"inLanguage":"de"}]}},"_links":{"self":[{"href":"https:\/\/www.hotel-claim-damages.eu\/index.php\/wp-json\/wp\/v2\/pages\/718","targetHints":{"allow":["GET"]}}],"collection":[{"href":"https:\/\/www.hotel-claim-damages.eu\/index.php\/wp-json\/wp\/v2\/pages"}],"about":[{"href":"https:\/\/www.hotel-claim-damages.eu\/index.php\/wp-json\/wp\/v2\/types\/page"}],"author":[{"embeddable":true,"href":"https:\/\/www.hotel-claim-damages.eu\/index.php\/wp-json\/wp\/v2\/users\/1"}],"replies":[{"embeddable":true,"href":"https:\/\/www.hotel-claim-damages.eu\/index.php\/wp-json\/wp\/v2\/comments?post=718"}],"version-history":[{"count":3,"href":"https:\/\/www.hotel-claim-damages.eu\/index.php\/wp-json\/wp\/v2\/pages\/718\/revisions"}],"predecessor-version":[{"id":1660,"href":"https:\/\/www.hotel-claim-damages.eu\/index.php\/wp-json\/wp\/v2\/pages\/718\/revisions\/1660"}],"wp:attachment":[{"href":"https:\/\/www.hotel-claim-damages.eu\/index.php\/wp-json\/wp\/v2\/media?parent=718"}],"curies":[{"name":"wp","href":"https:\/\/api.w.org\/{rel}","templated":true}]}}