{"id":714,"date":"2020-06-03T20:50:42","date_gmt":"2020-06-03T18:50:42","guid":{"rendered":"https:\/\/www.bestspeakers-consulting.de\/?page_id=714"},"modified":"2026-02-17T17:42:28","modified_gmt":"2026-02-17T17:42:28","slug":"impressum","status":"publish","type":"page","link":"https:\/\/www.hotel-claim-damages.eu\/index.php\/impressum\/","title":{"rendered":"Impressum"},"content":{"rendered":"<h2>IMPRESSUM<\/h2>\n<p>Herausgeber, Betreiber und verantwortlich f\u00fcr den Inhalt der Website:<br \/>\n<strong>BEST SPEAKERS CONSULTING<\/strong><br \/>\nKellerweg 4<br \/>\nD-83278 Traunstein<br \/>\nTelefon: +49 861 213989580<br \/>\nE-Mail: info (at) bestspeakers-consulting (punkt) de<\/p>\n<p>Inhaber: Herbert Dyrda<br \/>\nVerantwortlich f\u00fcr den Inhalt: Herbert Dyrda<\/p>\n<h2 class=\"fusion-responsive-typography-calculated\" data-fontsize=\"24\" data-lineheight=\"36px\">Haftungsausschluss:<\/h2>\n<p><strong>Haftung f\u00fcr Inhalte<\/strong><br \/>\nDie Inhalte unserer Seiten wurden mit gr\u00f6\u00dfter Sorgfalt erstellt. F\u00fcr die Richtigkeit, Vollst\u00e4ndigkeit und Aktualit\u00e4t der Inhalte k\u00f6nnen wir jedoch keine Gew\u00e4hr \u00fcbernehmen. Als Diensteanbieter sind wir f\u00fcr eigene Inhalte auf diesen Seiten nach den allgemeinen Gesetzen verantwortlich. Wir als Diensteanbieter jedoch sind nicht verpflichtet, \u00fcbermittelte oder gespeicherte fremde Informationen zu \u00fcberwachen oder nach Umst\u00e4nden zu forschen, die auf eine rechtswidrige T\u00e4tigkeit hinweisen. Verpflichtungen zur Entfernung oder Sperrung der Nutzung von Informationen nach den allgemeinen Gesetzen bleiben hiervon unber\u00fchrt. Eine diesbez\u00fcgliche Haftung ist jedoch erst ab dem Zeitpunkt der Kenntnis einer konkreten Rechtsverletzung m\u00f6glich. Bei Bekanntwerden von entsprechenden Rechtsverletzungen werden wir diese Inhalte umgehend entfernen.<\/p>\n<p><strong>Haftung f\u00fcr Links<\/strong><br \/>\nUnser Angebot enth\u00e4lt Links zu externen Webseiten Dritter, auf deren Inhalte wir keinen Einfluss haben. Deshalb k\u00f6nnen wir f\u00fcr diese fremden Inhalte auch keine Gew\u00e4hr \u00fcbernehmen. F\u00fcr die Inhalte der verlinkten Seiten ist stets der jeweilige Anbieter oder Betreiber der Seiten verantwortlich. Die verlinkten Seiten wurden zum Zeitpunkt der Verlinkung auf m\u00f6gliche Rechtsverst\u00f6\u00dfe \u00fcberpr\u00fcft. Rechtswidrige Inhalte waren zum Zeitpunkt der Verlinkung nicht erkennbar. Eine permanente inhaltliche Kontrolle der verlinkten Seiten ist jedoch ohne konkrete Anhaltspunkte einer Rechtsverletzung nicht zumutbar. Bei Bekanntwerden von Rechtsverletzungen werden wir derartige Links umgehend entfernen.<\/p>\n<p><strong>Urheberrecht<\/strong><br \/>\nDie durch die Seitenbetreiber erstellten Inhalte und Werke auf diesen Seiten unterliegen dem deutschen Urheberrecht. Die Vervielf\u00e4ltigung, Bearbeitung, Verbreitung und jede Art der Verwertung au\u00dferhalb der Grenzen des Urheberrechtes bed\u00fcrfen der schriftlichen Zustimmung des jeweiligen Autors bzw. Erstellers. Downloads und Kopien dieser Seite sind weder f\u00fcr den privaten, als auch f\u00fcr den kommerziellen Gebrauch nicht gestattet. Soweit die Inhalte auf dieser Seite nicht vom Betreiber erstellt wurden, werden die Urheberrechte Dritter beachtet. Insbesondere werden Inhalte Dritter als solche gekennzeichnet. Sollten Sie trotzdem auf eine Urheberrechtsverletzung aufmerksam werden, bitten wir um einen entsprechenden Hinweis. Bei Bekanntwerden von Rechtsverletzungen werden wir derartige Inhalte umgehend entfernen.<br \/>\nS\u00e4mtliche Texte, Bilder und andere in der Website ver\u00f6ffentlichten Informationen unterliegen \u2013 sofern nicht anders gekennzeichnet \u2013 dem Copyright von www.bestspeakers-consulting.de, den Anw\u00e4lten und Partnern. Jede Vervielf\u00e4ltigung, Verbreitung, Speicherung, Sendung und Wieder- bzw. Weitergabe der Inhalte ist ohne schriftliche Genehmigung ausdr\u00fccklich untersagt.<\/p>\n<p><strong>Hinweis<\/strong><br \/>\nBest Speakers Consulting erbringt keine Rechtsberatung im Sinne des Rechtsdienstleistungsgesetzes (RDG). Die rechtliche Vertretung und Beratung unserer Kunden erfolgt ausschlie\u00dflich durch unsere spezialisierten Partner-Anwaltskanzleien.<\/p>\n<p><strong>Quellenangaben f\u00fcr die verwendeten Bilder und Grafiken:<\/strong><\/p>\n<p>Die auf diesen Webseiten verwendeten Fotos sind Eigentum bzw. lizensiert von Best Speakers Consulting<\/p>\n<p>Lizenz <a href=\"https:\/\/www.istockphoto.com\/\">iStock<\/a>:<br \/>\nStock-Datei-ID: 2221499214<br \/>\nStock-Datei-ID: 2226307944 <\/p>\n<p>Lizenzfreie Bilder:<br \/>\n<a href=\"https:\/\/pixabay.com\/de\/\">Pixabay.com<\/a><\/p>\n<p>Die <a href=\"http:\/\/www.datenschutz-bestspeakers.de\/datenschutzerklaerung\/\">Datenschutzerkl\u00e4rung<\/a> finden Sie hier <a href=\"https:\/\/www.hotel-claim-damages.eu\/index.php\/datenschutzerklaerung\/\">&gt;&gt;&gt;<\/a><\/p>\n","protected":false},"excerpt":{"rendered":"<p>IMPRESSUM Herausgeber, Betreiber und verantwortlich f\u00fcr den Inhalt der Website: BEST SPEAKERS CONSULTING Kellerweg 4 D-83278 Traunstein Telefon: +49 861 213989580 E-Mail: info (at) bestspeakers-consulting (punkt) de Inhaber: Herbert Dyrda  [&#8230;]<\/p>\n","protected":false},"author":1,"featured_media":0,"parent":0,"menu_order":0,"comment_status":"closed","ping_status":"closed","template":"","meta":{"footnotes":""},"class_list":["post-714","page","type-page","status-publish","hentry"],"yoast_head":"<!-- This site is optimized with the Yoast SEO plugin v27.2 - https:\/\/yoast.com\/product\/yoast-seo-wordpress\/ -->\n<title>Impressum - Hotel Claim Damages<\/title>\n<meta name=\"description\" content=\"Reifenkartell Schadenersatzanspr\u00fcche\" \/>\n<meta name=\"robots\" content=\"noindex, follow, max-snippet:-1, max-image-preview:large, max-video-preview:-1\" \/>\n<meta property=\"og:locale\" content=\"de_DE\" \/>\n<meta property=\"og:type\" content=\"article\" \/>\n<meta property=\"og:title\" content=\"Impressum - Hotel Claim Damages\" \/>\n<meta property=\"og:description\" content=\"Reifenkartell Schadenersatzanspr\u00fcche\" \/>\n<meta property=\"og:url\" content=\"https:\/\/www.hotel-claim-damages.eu\/index.php\/impressum\/\" \/>\n<meta property=\"og:site_name\" content=\"Hotel Claim Damages\" \/>\n<meta property=\"article:modified_time\" content=\"2026-02-17T17:42:28+00:00\" \/>\n<meta name=\"twitter:card\" content=\"summary_large_image\" \/>\n<meta name=\"twitter:label1\" content=\"Gesch\u00e4tzte Lesezeit\" \/>\n\t<meta name=\"twitter:data1\" content=\"3\u00a0Minuten\" \/>\n<script type=\"application\/ld+json\" class=\"yoast-schema-graph\">{\"@context\":\"https:\/\/schema.org\",\"@graph\":[{\"@type\":\"WebPage\",\"@id\":\"https:\/\/www.hotel-claim-damages.eu\/index.php\/impressum\/\",\"url\":\"https:\/\/www.hotel-claim-damages.eu\/index.php\/impressum\/\",\"name\":\"Impressum - Hotel Claim Damages\",\"isPartOf\":{\"@id\":\"https:\/\/www.hotel-claim-damages.eu\/#website\"},\"datePublished\":\"2020-06-03T18:50:42+00:00\",\"dateModified\":\"2026-02-17T17:42:28+00:00\",\"description\":\"Reifenkartell Schadenersatzanspr\u00fcche\",\"breadcrumb\":{\"@id\":\"https:\/\/www.hotel-claim-damages.eu\/index.php\/impressum\/#breadcrumb\"},\"inLanguage\":\"de\",\"potentialAction\":[{\"@type\":\"ReadAction\",\"target\":[\"https:\/\/www.hotel-claim-damages.eu\/index.php\/impressum\/\"]}]},{\"@type\":\"BreadcrumbList\",\"@id\":\"https:\/\/www.hotel-claim-damages.eu\/index.php\/impressum\/#breadcrumb\",\"itemListElement\":[{\"@type\":\"ListItem\",\"position\":1,\"name\":\"Home\",\"item\":\"https:\/\/www.hotel-claim-damages.eu\/\"},{\"@type\":\"ListItem\",\"position\":2,\"name\":\"Impressum\"}]},{\"@type\":\"WebSite\",\"@id\":\"https:\/\/www.hotel-claim-damages.eu\/#website\",\"url\":\"https:\/\/www.hotel-claim-damages.eu\/\",\"name\":\"Hotel Claim Damages\",\"description\":\"\",\"potentialAction\":[{\"@type\":\"SearchAction\",\"target\":{\"@type\":\"EntryPoint\",\"urlTemplate\":\"https:\/\/www.hotel-claim-damages.eu\/?s={search_term_string}\"},\"query-input\":{\"@type\":\"PropertyValueSpecification\",\"valueRequired\":true,\"valueName\":\"search_term_string\"}}],\"inLanguage\":\"de\"}]}<\/script>\n<!-- \/ Yoast SEO plugin. -->","yoast_head_json":{"title":"Impressum - Hotel Claim Damages","description":"Reifenkartell Schadenersatzanspr\u00fcche","robots":{"index":"noindex","follow":"follow","max-snippet":"max-snippet:-1","max-image-preview":"max-image-preview:large","max-video-preview":"max-video-preview:-1"},"og_locale":"de_DE","og_type":"article","og_title":"Impressum - Hotel Claim Damages","og_description":"Reifenkartell Schadenersatzanspr\u00fcche","og_url":"https:\/\/www.hotel-claim-damages.eu\/index.php\/impressum\/","og_site_name":"Hotel Claim Damages","article_modified_time":"2026-02-17T17:42:28+00:00","twitter_card":"summary_large_image","twitter_misc":{"Gesch\u00e4tzte Lesezeit":"3\u00a0Minuten"},"schema":{"@context":"https:\/\/schema.org","@graph":[{"@type":"WebPage","@id":"https:\/\/www.hotel-claim-damages.eu\/index.php\/impressum\/","url":"https:\/\/www.hotel-claim-damages.eu\/index.php\/impressum\/","name":"Impressum - Hotel Claim Damages","isPartOf":{"@id":"https:\/\/www.hotel-claim-damages.eu\/#website"},"datePublished":"2020-06-03T18:50:42+00:00","dateModified":"2026-02-17T17:42:28+00:00","description":"Reifenkartell Schadenersatzanspr\u00fcche","breadcrumb":{"@id":"https:\/\/www.hotel-claim-damages.eu\/index.php\/impressum\/#breadcrumb"},"inLanguage":"de","potentialAction":[{"@type":"ReadAction","target":["https:\/\/www.hotel-claim-damages.eu\/index.php\/impressum\/"]}]},{"@type":"BreadcrumbList","@id":"https:\/\/www.hotel-claim-damages.eu\/index.php\/impressum\/#breadcrumb","itemListElement":[{"@type":"ListItem","position":1,"name":"Home","item":"https:\/\/www.hotel-claim-damages.eu\/"},{"@type":"ListItem","position":2,"name":"Impressum"}]},{"@type":"WebSite","@id":"https:\/\/www.hotel-claim-damages.eu\/#website","url":"https:\/\/www.hotel-claim-damages.eu\/","name":"Hotel Claim Damages","description":"","potentialAction":[{"@type":"SearchAction","target":{"@type":"EntryPoint","urlTemplate":"https:\/\/www.hotel-claim-damages.eu\/?s={search_term_string}"},"query-input":{"@type":"PropertyValueSpecification","valueRequired":true,"valueName":"search_term_string"}}],"inLanguage":"de"}]}},"_links":{"self":[{"href":"https:\/\/www.hotel-claim-damages.eu\/index.php\/wp-json\/wp\/v2\/pages\/714","targetHints":{"allow":["GET"]}}],"collection":[{"href":"https:\/\/www.hotel-claim-damages.eu\/index.php\/wp-json\/wp\/v2\/pages"}],"about":[{"href":"https:\/\/www.hotel-claim-damages.eu\/index.php\/wp-json\/wp\/v2\/types\/page"}],"author":[{"embeddable":true,"href":"https:\/\/www.hotel-claim-damages.eu\/index.php\/wp-json\/wp\/v2\/users\/1"}],"replies":[{"embeddable":true,"href":"https:\/\/www.hotel-claim-damages.eu\/index.php\/wp-json\/wp\/v2\/comments?post=714"}],"version-history":[{"count":4,"href":"https:\/\/www.hotel-claim-damages.eu\/index.php\/wp-json\/wp\/v2\/pages\/714\/revisions"}],"predecessor-version":[{"id":1659,"href":"https:\/\/www.hotel-claim-damages.eu\/index.php\/wp-json\/wp\/v2\/pages\/714\/revisions\/1659"}],"wp:attachment":[{"href":"https:\/\/www.hotel-claim-damages.eu\/index.php\/wp-json\/wp\/v2\/media?parent=714"}],"curies":[{"name":"wp","href":"https:\/\/api.w.org\/{rel}","templated":true}]}}